{"id":540,"date":"2025-03-04T17:21:28","date_gmt":"2025-03-04T14:21:28","guid":{"rendered":"https:\/\/www.tental.net\/?page_id=540"},"modified":"2025-03-04T19:34:37","modified_gmt":"2025-03-04T16:34:37","slug":"gpt-recycling","status":"publish","type":"page","link":"https:\/\/www.tental.net\/fr\/chat-gpt-custom\/gpt-recycling\/","title":{"rendered":"GPT Recycling"},"content":{"rendered":"<div class=\"wp-block-stackable-hero alignfull stk-block-hero stk-block stk-dbfcca4 stk-block-background stk--has-background-overlay\" data-v=\"2\" data-block-id=\"dbfcca4\"><style>.stk-dbfcca4 {background-color:#FFFFFF !important;background-image:url(https:\/\/storage.googleapis.com\/stackable-plugin-assets\/library-v3\/section-elevate-hero-1\/4c1332787993.jpg) !important;min-height:387px !important;align-items:center !important;padding-top:27px !important;padding-right:27px !important;padding-bottom:27px !important;padding-left:27px !important;margin-bottom:0px !important;display:flex !important;}.stk-dbfcca4:before{background-color:#FFFFFF !important;opacity:0.9 !important;}.stk-dbfcca4 .stk-block-hero__content{min-height:103px !important;align-items:center !important;max-width:1500px !important;min-width:auto !important;display:flex !important;}<\/style><div class=\"stk-block-hero__content stk-content-align stk-dbfcca4-column alignwide stk-container stk-dbfcca4-container stk--no-background stk--no-padding\"><div class=\"stk-block-content stk-inner-blocks has-text-align-center stk-dbfcca4-inner-blocks\">\n<div class=\"wp-block-stackable-heading stk-block-heading stk-block-heading--v2 stk-block stk-0fb043a\" id=\"industrial-recycling-gpt\" data-block-id=\"0fb043a\"><style>.stk-0fb043a .stk-block-heading__text{font-size:44px !important;font-weight:bold !important;font-family:\"Lato\", Sans-serif !important;}@media screen and (max-width: 1023px){.stk-0fb043a .stk-block-heading__text{font-size:44px !important;}}<\/style><h1 class=\"stk-block-heading__text\"> GPT Recyclage Industriel<\/h1><\/div>\n\n\n\n<p class=\"has-text-align-center has-medium-font-size\">Optimisez votre recyclage industriel avec des conseils experts et des solutions adapt\u00e9es \u00e0 vos besoins.<\/p>\n\n\n\n<div class=\"wp-block-stackable-button-group stk-block-button-group stk-block stk-652ca2a\" data-block-id=\"652ca2a\"><div class=\"stk-row stk-inner-blocks stk-block-content stk-button-group\">\n<div class=\"wp-block-stackable-button stk-block-button stk-block stk-54cfa94\" data-block-id=\"54cfa94\"><style>.stk-54cfa94 .stk-button{padding-right:32px !important;padding-left:32px !important;background:#313131 !important;border-top-left-radius:50px !important;border-top-right-radius:50px !important;border-bottom-right-radius:50px !important;border-bottom-left-radius:50px !important;}.stk-54cfa94 .stk-button__inner-text{font-size:18px !important;font-family:\"Lato\", Sans-serif !important;}@media screen and (max-width: 1023px){.stk-54cfa94 .stk-button__inner-text{font-size:18px !important;}}<\/style><a class=\"stk-link stk-button stk--hover-effect-darken\" href=\"#contact\"><span class=\"stk-button__inner-text\">Voir le GPT<\/span><\/a><\/div>\n<\/div><\/div>\n<\/div><\/div><\/div>\n\n\n\n<div class=\"wp-block-stackable-feature alignwide stk-block-feature stk-block stk-5ea091d is-style-default\" data-v=\"2\" data-block-id=\"5ea091d\"><style>.stk-5ea091d {--stk-feature-flex-wrap:nowrap !important;}.stk-5ea091d-container{box-shadow:0px 2px 20px #99999933 !important;}<\/style><div class=\"stk-content-align stk-5ea091d-column alignwide stk-container stk-5ea091d-container stk-hover-parent\"><div class=\"stk-inner-blocks stk-block-content stk-row\">\n<div class=\"wp-block-stackable-column stk-block-column stk-column stk-block stk-822b384\" data-v=\"4\" data-block-id=\"822b384\"><style>.stk-822b384 {align-self:center !important;}<\/style><div class=\"stk-column-wrapper stk-block-column__content stk-container stk-822b384-container stk--no-background stk--no-padding\"><div class=\"stk-block-content stk-inner-blocks stk-822b384-inner-blocks\">\n<div class=\"wp-block-stackable-image stk-block-image stk-block stk-743e2c0\" data-block-id=\"743e2c0\"><figure><span class=\"stk-img-wrapper stk-image--shape-stretch\"><img loading=\"lazy\" decoding=\"async\" class=\"stk-img wp-image-553\" src=\"https:\/\/www.tental.net\/wp-content\/uploads\/2025\/03\/Logo-recyclage.png\" width=\"1024\" height=\"1024\" srcset=\"https:\/\/www.tental.net\/wp-content\/uploads\/2025\/03\/Logo-recyclage.png 1024w, https:\/\/www.tental.net\/wp-content\/uploads\/2025\/03\/Logo-recyclage-300x300.png 300w, https:\/\/www.tental.net\/wp-content\/uploads\/2025\/03\/Logo-recyclage-150x150.png 150w, https:\/\/www.tental.net\/wp-content\/uploads\/2025\/03\/Logo-recyclage-768x768.png 768w, https:\/\/www.tental.net\/wp-content\/uploads\/2025\/03\/Logo-recyclage-12x12.png 12w\" sizes=\"(max-width: 1024px) 100vw, 1024px\" \/><\/span><\/figure><\/div>\n<\/div><\/div><\/div>\n\n\n\n<div class=\"wp-block-stackable-column stk-block-column stk-column stk-block stk-ebdfff5\" data-v=\"4\" data-block-id=\"ebdfff5\"><style>.stk-ebdfff5 {align-self:center !important;}.stk-ebdfff5-inner-blocks{justify-content:center !important;}.stk-ebdfff5-container{display:flex !important;}<\/style><div class=\"stk-column-wrapper stk-block-column__content stk-container stk-ebdfff5-container stk--no-background stk--no-padding\"><div class=\"stk-block-content stk-inner-blocks stk-ebdfff5-inner-blocks\">\n<div class=\"wp-block-stackable-heading stk-block-heading stk-block-heading--v2 stk-block stk-99c0388\" id=\"strong-gpt-industrial-recycling-strong\" data-block-id=\"99c0388\"><style>.stk-99c0388 {margin-bottom:7px !important;}.stk-99c0388 .stk-block-heading__text{font-weight:bold !important;font-family:\"Lato\", Sans-serif !important;}<\/style><h2 class=\"stk-block-heading__text\"><strong>Le GPT Recyclage Industriel<\/strong><\/h2><\/div>\n\n\n\n<div class=\"wp-block-stackable-text stk-block-text stk-block stk-e5d1920\" data-block-id=\"e5d1920\"><p class=\"stk-block-text__text\">est un centre d\u2019information pour les professionnels, offrant des analyses techniques et strat\u00e9giques sur les processus, les r\u00e9glementations et les innovations dans le recyclage industriel. Avec une approche pragmatique, il aide les entreprises \u00e0 optimiser la gestion des d\u00e9chets tout en garantissant conformit\u00e9 et rentabilit\u00e9.<br><br>Cet assistant permet aux utilisateurs de trouver et comparer des prestataires de services sp\u00e9cialis\u00e9s et de faciliter les appels d\u2019offres. Il s\u2019appuie sur une base de donn\u00e9es qualifi\u00e9e pour mettre en avant les entreprises les plus pertinentes.<br>Con\u00e7u pour les acteurs de l'industrie et les d\u00e9cideurs impliqu\u00e9s dans l'\u00e9conomie circulaire, il offre un acc\u00e8s rapide aux actualit\u00e9s \u00e9conomiques, r\u00e9glementaires et technologiques.<br>Avec un ton professionnel et technique, le GPT Recyclage Industriel est un outil essentiel pour une gestion des d\u00e9chets efficace et responsable.<\/p><\/div>\n\n\n\n<div class=\"wp-block-stackable-button-group stk-block-button-group stk-block stk-9edad0a\" data-block-id=\"9edad0a\"><div class=\"stk-row stk-inner-blocks stk-block-content stk-button-group\">\n<div class=\"wp-block-stackable-button stk-block-button stk-block stk-5a1124a\" data-block-id=\"5a1124a\"><style>.stk-5a1124a , .stk-5a1124a .stk-button{width:100% !important;}.stk-5a1124a {flex:1 0 var(--stk-button-group-flex-wrap, 0) !important;}.stk-5a1124a .stk-button{padding-right:32px !important;padding-left:32px !important;background:#f9f9f9 !important;border-top-left-radius:50px !important;border-top-right-radius:50px !important;border-bottom-right-radius:50px !important;border-bottom-left-radius:50px !important;}.stk-5a1124a .stk-button:before{border-style:solid !important;border-color:#313131 !important;border-top-width:3px !important;border-right-width:3px !important;border-bottom-width:3px !important;border-left-width:3px !important;}.stk-5a1124a .stk-button__inner-text{font-size:18px !important;color:#313131 !important;font-family:\"Lato\", Sans-serif !important;}@media screen and (max-width: 1023px){.stk-5a1124a .stk-button__inner-text{font-size:18px !important;}}<\/style><a class=\"stk-link stk-button stk--hover-effect-darken\" href=\"#Low-code\"><span class=\"has-text-color stk-button__inner-text\">Voir le GPT<\/span><\/a><\/div>\n<\/div><\/div>\n<\/div><\/div><\/div>\n<\/div><\/div><\/div>\n\n\n\n<div class=\"wp-block-stackable-columns alignwide stk-block-columns stk-block stk-8e285b4\" data-block-id=\"8e285b4\"><style>.stk-8e285b4 {min-height:400px !important;align-items:center !important;display:flex !important;}<\/style><div class=\"stk-row stk-inner-blocks stk-block-content stk-content-align stk-8e285b4-column alignwide\">\n<div class=\"wp-block-stackable-column stk-block-column stk-column stk-block stk-3e69319\" data-v=\"4\" data-block-id=\"3e69319\"><div class=\"stk-column-wrapper stk-block-column__content stk-container stk-3e69319-container stk--no-background stk--no-padding\"><div class=\"stk-block-content stk-inner-blocks stk-3e69319-inner-blocks\">\n<div class=\"wp-block-stackable-image stk-block-image has-text-align-left stk-block stk-7cdffd1\" data-block-id=\"7cdffd1\"><style>.stk-7cdffd1 .stk-img-wrapper{width:85px !important;height:85px !important;}<\/style><figure><span class=\"stk-img-wrapper stk-image--shape-stretch\"><img loading=\"lazy\" decoding=\"async\" class=\"stk-img wp-image-558\" src=\"https:\/\/www.tental.net\/wp-content\/uploads\/2025\/03\/DALL\u00b7E-2025-03-04-17.13.28-A-detailed-illustration-representing-Regulations-and-Compliance-in-industrial-recycling.-The-image-features-a-factory-with-labeled-recycling-bins-l.webp\" width=\"1024\" height=\"1024\" srcset=\"https:\/\/www.tental.net\/wp-content\/uploads\/2025\/03\/DALL\u00b7E-2025-03-04-17.13.28-A-detailed-illustration-representing-Regulations-and-Compliance-in-industrial-recycling.-The-image-features-a-factory-with-labeled-recycling-bins-l.webp 1024w, https:\/\/www.tental.net\/wp-content\/uploads\/2025\/03\/DALL\u00b7E-2025-03-04-17.13.28-A-detailed-illustration-representing-Regulations-and-Compliance-in-industrial-recycling.-The-image-features-a-factory-with-labeled-recycling-bins-l-300x300.webp 300w, https:\/\/www.tental.net\/wp-content\/uploads\/2025\/03\/DALL\u00b7E-2025-03-04-17.13.28-A-detailed-illustration-representing-Regulations-and-Compliance-in-industrial-recycling.-The-image-features-a-factory-with-labeled-recycling-bins-l-150x150.webp 150w, https:\/\/www.tental.net\/wp-content\/uploads\/2025\/03\/DALL\u00b7E-2025-03-04-17.13.28-A-detailed-illustration-representing-Regulations-and-Compliance-in-industrial-recycling.-The-image-features-a-factory-with-labeled-recycling-bins-l-768x768.webp 768w, https:\/\/www.tental.net\/wp-content\/uploads\/2025\/03\/DALL\u00b7E-2025-03-04-17.13.28-A-detailed-illustration-representing-Regulations-and-Compliance-in-industrial-recycling.-The-image-features-a-factory-with-labeled-recycling-bins-l-12x12.webp 12w\" sizes=\"(max-width: 1024px) 100vw, 1024px\" \/><\/span><\/figure><\/div>\n\n\n\n<div class=\"wp-block-stackable-heading stk-block-heading stk-block-heading--v2 stk-block stk-c4271f1\" id=\"strong-regulations-and-compliance-strong\" data-block-id=\"c4271f1\"><style>.stk-c4271f1 .stk-block-heading__text{font-size:25px !important;font-weight:bold !important;font-family:\"Lato\", Sans-serif !important;}@media screen and (max-width: 1023px){.stk-c4271f1 .stk-block-heading__text{font-size:25px !important;}}<\/style><h2 class=\"stk-block-heading__text\"><strong>R\u00e9glementations et conformit\u00e9<\/strong><\/h2><\/div>\n\n\n\n<div class=\"wp-block-stackable-text stk-block-text stk-block stk-4ead23b\" data-block-id=\"4ead23b\"><p class=\"stk-block-text__text\"><strong>Comprendre et appliquer les normes du recyclage industriel.<\/strong> Ce GPT fournit un suivi des r\u00e9glementations en vigueur, des obligations l\u00e9gales et des mises \u00e0 jour sur les politiques environnementales.<\/p><\/div>\n<\/div><\/div><\/div>\n\n\n\n<div class=\"wp-block-stackable-column stk-block-column stk-column stk-block stk-8bb79fe\" data-v=\"4\" data-block-id=\"8bb79fe\"><div class=\"stk-column-wrapper stk-block-column__content stk-container stk-8bb79fe-container stk--no-background stk--no-padding\"><div class=\"stk-block-content stk-inner-blocks stk-8bb79fe-inner-blocks\">\n<div class=\"wp-block-stackable-image stk-block-image has-text-align-left stk-block stk-3dfe2f9\" data-block-id=\"3dfe2f9\"><style>.stk-3dfe2f9 .stk-img-wrapper{width:85px !important;height:85px !important;}<\/style><figure><span class=\"stk-img-wrapper stk-image--shape-stretch\"><img loading=\"lazy\" decoding=\"async\" class=\"stk-img wp-image-559\" src=\"https:\/\/www.tental.net\/wp-content\/uploads\/2025\/03\/DALL\u00b7E-2025-03-04-17.15.52-An-industrial-recycling-facility-with-an-advanced-sorting-system.-The-image-showcases-a-conveyor-belt-with-robotic-arms-separating-various-recyclable-.webp\" width=\"1024\" height=\"1024\" srcset=\"https:\/\/www.tental.net\/wp-content\/uploads\/2025\/03\/DALL\u00b7E-2025-03-04-17.15.52-An-industrial-recycling-facility-with-an-advanced-sorting-system.-The-image-showcases-a-conveyor-belt-with-robotic-arms-separating-various-recyclable-.webp 1024w, https:\/\/www.tental.net\/wp-content\/uploads\/2025\/03\/DALL\u00b7E-2025-03-04-17.15.52-An-industrial-recycling-facility-with-an-advanced-sorting-system.-The-image-showcases-a-conveyor-belt-with-robotic-arms-separating-various-recyclable--300x300.webp 300w, https:\/\/www.tental.net\/wp-content\/uploads\/2025\/03\/DALL\u00b7E-2025-03-04-17.15.52-An-industrial-recycling-facility-with-an-advanced-sorting-system.-The-image-showcases-a-conveyor-belt-with-robotic-arms-separating-various-recyclable--150x150.webp 150w, https:\/\/www.tental.net\/wp-content\/uploads\/2025\/03\/DALL\u00b7E-2025-03-04-17.15.52-An-industrial-recycling-facility-with-an-advanced-sorting-system.-The-image-showcases-a-conveyor-belt-with-robotic-arms-separating-various-recyclable--768x768.webp 768w, https:\/\/www.tental.net\/wp-content\/uploads\/2025\/03\/DALL\u00b7E-2025-03-04-17.15.52-An-industrial-recycling-facility-with-an-advanced-sorting-system.-The-image-showcases-a-conveyor-belt-with-robotic-arms-separating-various-recyclable--12x12.webp 12w\" sizes=\"(max-width: 1024px) 100vw, 1024px\" \/><\/span><\/figure><\/div>\n\n\n\n<div class=\"wp-block-stackable-heading stk-block-heading stk-block-heading--v2 stk-block stk-3e640ad\" id=\"valorization-processes\" data-block-id=\"3e640ad\"><style>.stk-3e640ad {margin-bottom:22px !important;}.stk-3e640ad .stk-block-heading__text{font-size:25px !important;font-weight:bold !important;font-family:\"Lato\", Sans-serif !important;}@media screen and (max-width: 1023px){.stk-3e640ad .stk-block-heading__text{font-size:25px !important;}}<\/style><h2 class=\"stk-block-heading__text\"> Optimisation des processus de tri<\/h2><\/div>\n\n\n\n<div class=\"wp-block-stackable-text stk-block-text stk-block stk-7c66da3\" data-block-id=\"7c66da3\"><p class=\"stk-block-text__text\"><strong>Maximiser l\u2019efficacit\u00e9 du recyclage<\/strong> gr\u00e2ce \u00e0 des strat\u00e9gies adapt\u00e9es : tri m\u00e9canique, s\u00e9paration des mat\u00e9riaux, innovations technologiques et r\u00e9duction des co\u00fbts op\u00e9rationnels.<\/p><\/div>\n<\/div><\/div><\/div>\n\n\n\n<div class=\"wp-block-stackable-column stk-block-column stk-column stk-block stk-974c2c8\" data-v=\"4\" data-block-id=\"974c2c8\"><div class=\"stk-column-wrapper stk-block-column__content stk-container stk-974c2c8-container stk--no-background stk--no-padding\"><div class=\"stk-block-content stk-inner-blocks stk-974c2c8-inner-blocks\">\n<div class=\"wp-block-stackable-image stk-block-image has-text-align-left stk-block stk-cf04044\" data-block-id=\"cf04044\"><style>.stk-cf04044 .stk-img-wrapper{width:85px !important;height:85px !important;}<\/style><figure><span class=\"stk-img-wrapper stk-image--shape-stretch\"><img loading=\"lazy\" decoding=\"async\" class=\"stk-img wp-image-560\" src=\"https:\/\/www.tental.net\/wp-content\/uploads\/2025\/03\/DALL\u00b7E-2025-03-04-17.16.11-An-economic-analysis-of-the-recycling-industry.-The-image-features-business-professionals-examining-charts-graphs-and-financial-reports-related-to-r.webp\" width=\"1024\" height=\"1024\" srcset=\"https:\/\/www.tental.net\/wp-content\/uploads\/2025\/03\/DALL\u00b7E-2025-03-04-17.16.11-An-economic-analysis-of-the-recycling-industry.-The-image-features-business-professionals-examining-charts-graphs-and-financial-reports-related-to-r.webp 1024w, https:\/\/www.tental.net\/wp-content\/uploads\/2025\/03\/DALL\u00b7E-2025-03-04-17.16.11-An-economic-analysis-of-the-recycling-industry.-The-image-features-business-professionals-examining-charts-graphs-and-financial-reports-related-to-r-300x300.webp 300w, https:\/\/www.tental.net\/wp-content\/uploads\/2025\/03\/DALL\u00b7E-2025-03-04-17.16.11-An-economic-analysis-of-the-recycling-industry.-The-image-features-business-professionals-examining-charts-graphs-and-financial-reports-related-to-r-150x150.webp 150w, https:\/\/www.tental.net\/wp-content\/uploads\/2025\/03\/DALL\u00b7E-2025-03-04-17.16.11-An-economic-analysis-of-the-recycling-industry.-The-image-features-business-professionals-examining-charts-graphs-and-financial-reports-related-to-r-768x768.webp 768w, https:\/\/www.tental.net\/wp-content\/uploads\/2025\/03\/DALL\u00b7E-2025-03-04-17.16.11-An-economic-analysis-of-the-recycling-industry.-The-image-features-business-professionals-examining-charts-graphs-and-financial-reports-related-to-r-12x12.webp 12w\" sizes=\"(max-width: 1024px) 100vw, 1024px\" \/><\/span><\/figure><\/div>\n\n\n\n<div class=\"wp-block-stackable-heading stk-block-heading stk-block-heading--v2 stk-block stk-12f2f01\" id=\"market-opportunities\" data-block-id=\"12f2f01\"><style>.stk-12f2f01 .stk-block-heading__text{font-size:25px !important;font-weight:bold !important;font-family:\"Lato\", Sans-serif !important;}@media screen and (max-width: 1023px){.stk-12f2f01 .stk-block-heading__text{font-size:25px !important;}}<\/style><h2 class=\"stk-block-heading__text\">March\u00e9 et d\u00e9bouch\u00e9s<\/h2><\/div>\n\n\n\n<div class=\"wp-block-stackable-text stk-block-text stk-block stk-f7a0e60\" data-block-id=\"f7a0e60\"><p class=\"stk-block-text__text\"><strong>Analyser les tendances et opportunit\u00e9s du march\u00e9 :<\/strong>identifier les mat\u00e9riaux \u00e0 forte valeur ajout\u00e9e, anticiper les \u00e9volutions des prix et adapter sa strat\u00e9gie de recyclage.<\/p><\/div>\n<\/div><\/div><\/div>\n\n\n\n<div class=\"wp-block-stackable-column stk-block-column stk-column stk-block stk-cb2c3ef\" data-v=\"4\" data-block-id=\"cb2c3ef\"><div class=\"stk-column-wrapper stk-block-column__content stk-container stk-cb2c3ef-container stk--no-background stk--no-padding\"><div class=\"stk-block-content stk-inner-blocks stk-cb2c3ef-inner-blocks\">\n<div class=\"wp-block-stackable-image stk-block-image has-text-align-left stk-block stk-ad8c925\" data-block-id=\"ad8c925\"><style>.stk-ad8c925 .stk-img-wrapper{width:85px !important;height:85px !important;}<\/style><figure><span class=\"stk-img-wrapper stk-image--shape-stretch\"><img loading=\"lazy\" decoding=\"async\" class=\"stk-img wp-image-561\" src=\"https:\/\/www.tental.net\/wp-content\/uploads\/2025\/03\/DALL\u00b7E-2025-03-04-17.16.29-A-futuristic-industrial-recycling-facility-with-cutting-edge-technology.-The-scene-includes-AI-powered-sorting-robots-innovative-waste-processing-mac.webp\" width=\"1024\" height=\"1024\" srcset=\"https:\/\/www.tental.net\/wp-content\/uploads\/2025\/03\/DALL\u00b7E-2025-03-04-17.16.29-A-futuristic-industrial-recycling-facility-with-cutting-edge-technology.-The-scene-includes-AI-powered-sorting-robots-innovative-waste-processing-mac.webp 1024w, https:\/\/www.tental.net\/wp-content\/uploads\/2025\/03\/DALL\u00b7E-2025-03-04-17.16.29-A-futuristic-industrial-recycling-facility-with-cutting-edge-technology.-The-scene-includes-AI-powered-sorting-robots-innovative-waste-processing-mac-300x300.webp 300w, https:\/\/www.tental.net\/wp-content\/uploads\/2025\/03\/DALL\u00b7E-2025-03-04-17.16.29-A-futuristic-industrial-recycling-facility-with-cutting-edge-technology.-The-scene-includes-AI-powered-sorting-robots-innovative-waste-processing-mac-150x150.webp 150w, https:\/\/www.tental.net\/wp-content\/uploads\/2025\/03\/DALL\u00b7E-2025-03-04-17.16.29-A-futuristic-industrial-recycling-facility-with-cutting-edge-technology.-The-scene-includes-AI-powered-sorting-robots-innovative-waste-processing-mac-768x768.webp 768w, https:\/\/www.tental.net\/wp-content\/uploads\/2025\/03\/DALL\u00b7E-2025-03-04-17.16.29-A-futuristic-industrial-recycling-facility-with-cutting-edge-technology.-The-scene-includes-AI-powered-sorting-robots-innovative-waste-processing-mac-12x12.webp 12w\" sizes=\"(max-width: 1024px) 100vw, 1024px\" \/><\/span><\/figure><\/div>\n\n\n\n<div class=\"wp-block-stackable-columns stk-block-columns stk-block stk-d382e44\" data-block-id=\"d382e44\"><div class=\"stk-row stk-inner-blocks stk-block-content stk-content-align stk-d382e44-column\">\n<div class=\"wp-block-stackable-column stk-block-column stk-column stk-block stk-bf843f4\" data-v=\"4\" data-block-id=\"bf843f4\"><div class=\"stk-column-wrapper stk-block-column__content stk-container stk-bf843f4-container stk--no-background stk--no-padding\"><div class=\"stk-block-content stk-inner-blocks stk-bf843f4-inner-blocks\">\n<div class=\"wp-block-stackable-heading stk-block-heading stk-block-heading--v2 stk-block stk-80245df\" id=\"technological-innovations\" data-block-id=\"80245df\"><style>.stk-80245df .stk-block-heading__text{font-size:25px !important;font-weight:bold !important;font-family:\"Lato\", Sans-serif !important;}@media screen and (max-width: 1023px){.stk-80245df .stk-block-heading__text{font-size:25px !important;}}<\/style><h2 class=\"stk-block-heading__text\">Innovations technologiques<\/h2><\/div>\n<\/div><\/div><\/div>\n<\/div><\/div>\n\n\n\n<div class=\"wp-block-stackable-text stk-block-text stk-block stk-b54db9c\" data-block-id=\"b54db9c\"><p class=\"stk-block-text__text\"><strong>Explorer de nouvelles technologies<\/strong> Transformer l'industrie : automatisation, robotique, intelligence artificielle et innovations en mat\u00e9riaux \u00e9cologiques.<\/p><\/div>\n<\/div><\/div><\/div>\n\n\n\n<div class=\"wp-block-stackable-column stk-block-column stk-column stk-block stk-884b6be\" data-v=\"4\" data-block-id=\"884b6be\"><div class=\"stk-column-wrapper stk-block-column__content stk-container stk-884b6be-container stk--no-background stk--no-padding\"><div class=\"stk-block-content stk-inner-blocks stk-884b6be-inner-blocks\">\n<div class=\"wp-block-stackable-image stk-block-image has-text-align-left stk-block stk-8af4ac5\" data-block-id=\"8af4ac5\"><style>.stk-8af4ac5 .stk-img-wrapper{width:85px !important;height:85px !important;}<\/style><figure><span class=\"stk-img-wrapper stk-image--shape-stretch\"><img loading=\"lazy\" decoding=\"async\" class=\"stk-img wp-image-562\" src=\"https:\/\/www.tental.net\/wp-content\/uploads\/2025\/03\/DALL\u00b7E-2025-03-04-17.16.46-A-digital-dashboard-for-waste-tracking-and-traceability-in-the-recycling-industry.-The-image-features-a-futuristic-control-center-with-multiple-screen.webp\" width=\"1024\" height=\"1024\" srcset=\"https:\/\/www.tental.net\/wp-content\/uploads\/2025\/03\/DALL\u00b7E-2025-03-04-17.16.46-A-digital-dashboard-for-waste-tracking-and-traceability-in-the-recycling-industry.-The-image-features-a-futuristic-control-center-with-multiple-screen.webp 1024w, https:\/\/www.tental.net\/wp-content\/uploads\/2025\/03\/DALL\u00b7E-2025-03-04-17.16.46-A-digital-dashboard-for-waste-tracking-and-traceability-in-the-recycling-industry.-The-image-features-a-futuristic-control-center-with-multiple-screen-300x300.webp 300w, https:\/\/www.tental.net\/wp-content\/uploads\/2025\/03\/DALL\u00b7E-2025-03-04-17.16.46-A-digital-dashboard-for-waste-tracking-and-traceability-in-the-recycling-industry.-The-image-features-a-futuristic-control-center-with-multiple-screen-150x150.webp 150w, https:\/\/www.tental.net\/wp-content\/uploads\/2025\/03\/DALL\u00b7E-2025-03-04-17.16.46-A-digital-dashboard-for-waste-tracking-and-traceability-in-the-recycling-industry.-The-image-features-a-futuristic-control-center-with-multiple-screen-768x768.webp 768w, https:\/\/www.tental.net\/wp-content\/uploads\/2025\/03\/DALL\u00b7E-2025-03-04-17.16.46-A-digital-dashboard-for-waste-tracking-and-traceability-in-the-recycling-industry.-The-image-features-a-futuristic-control-center-with-multiple-screen-12x12.webp 12w\" sizes=\"(max-width: 1024px) 100vw, 1024px\" \/><\/span><\/figure><\/div>\n\n\n\n<div class=\"wp-block-stackable-heading stk-block-heading stk-block-heading--v2 stk-block stk-539b998\" id=\"waste-traceability\" data-block-id=\"539b998\"><style>.stk-539b998 .stk-block-heading__text{font-size:24px !important;font-weight:bold !important;font-family:\"Lato\", Sans-serif !important;}@media screen and (max-width: 1023px){.stk-539b998 .stk-block-heading__text{font-size:24px !important;}}<\/style><h2 class=\"stk-block-heading__text\">Tra\u00e7abilit\u00e9 des d\u00e9chets<\/h2><\/div>\n\n\n\n<div class=\"wp-block-stackable-text stk-block-text stk-block stk-6955312\" data-block-id=\"6955312\"><p class=\"stk-block-text__text\"><strong>Optimiser la gestion des d\u00e9chets gr\u00e2ce au digital :<\/strong>blockchain, plateformes de suivi des flux, outils de reporting et conformit\u00e9 r\u00e9glementaire en temps r\u00e9e<\/p><\/div>\n<\/div><\/div><\/div>\n<\/div><\/div>\n\n\n\n<p><\/p>","protected":false},"excerpt":{"rendered":"<p>Industrial Recycling GPT Optimize your industrial recycling with expert advice and tailored solutions. GO to GPT GPT Industrial Recycling is an information hub for professionals, providing technical and strategic insights on processes, regulations, and innovations in industrial recycling. With a pragmatic approach, it helps companies optimize waste management while ensuring compliance and profitability. This assistant [&hellip;]<\/p>\n","protected":false},"author":14,"featured_media":0,"parent":470,"menu_order":0,"comment_status":"closed","ping_status":"closed","template":"","meta":{"_et_pb_use_builder":"","_et_pb_old_content":"","_et_gb_content_width":"","footnotes":""},"class_list":["post-540","page","type-page","status-publish","hentry"],"_links":{"self":[{"href":"https:\/\/www.tental.net\/fr\/wp-json\/wp\/v2\/pages\/540","targetHints":{"allow":["GET"]}}],"collection":[{"href":"https:\/\/www.tental.net\/fr\/wp-json\/wp\/v2\/pages"}],"about":[{"href":"https:\/\/www.tental.net\/fr\/wp-json\/wp\/v2\/types\/page"}],"author":[{"embeddable":true,"href":"https:\/\/www.tental.net\/fr\/wp-json\/wp\/v2\/users\/14"}],"replies":[{"embeddable":true,"href":"https:\/\/www.tental.net\/fr\/wp-json\/wp\/v2\/comments?post=540"}],"version-history":[{"count":7,"href":"https:\/\/www.tental.net\/fr\/wp-json\/wp\/v2\/pages\/540\/revisions"}],"predecessor-version":[{"id":568,"href":"https:\/\/www.tental.net\/fr\/wp-json\/wp\/v2\/pages\/540\/revisions\/568"}],"up":[{"embeddable":true,"href":"https:\/\/www.tental.net\/fr\/wp-json\/wp\/v2\/pages\/470"}],"wp:attachment":[{"href":"https:\/\/www.tental.net\/fr\/wp-json\/wp\/v2\/media?parent=540"}],"curies":[{"name":"wp","href":"https:\/\/api.w.org\/{rel}","templated":true}]}}