{"id":199,"date":"2024-10-31T13:19:15","date_gmt":"2024-10-31T10:19:15","guid":{"rendered":"https:\/\/www.tental.net\/?page_id=199"},"modified":"2025-03-04T16:43:58","modified_gmt":"2025-03-04T13:43:58","slug":"services-mendix","status":"publish","type":"page","link":"https:\/\/www.tental.net\/fr\/","title":{"rendered":"Accueil"},"content":{"rendered":"<div class=\"wp-block-stackable-call-to-action alignfull stk-block-call-to-action stk-block stk-c918ed9 stk-block-background stk--has-background-overlay\" data-v=\"2\" data-block-id=\"c918ed9\"><style>.stk-c918ed9 {background-color:#FFFFFF !important;background-image:url(https:\/\/storage.googleapis.com\/stackable-plugin-assets\/library-v3\/section-elevate-call-to-action-1\/bfcc41feac02.jpg) !important;min-height:400px !important;align-items:center !important;display:flex !important;}.stk-c918ed9:before{background-color:#FFFFFF !important;opacity:0.8 !important;}<\/style><div class=\"stk-block-call-to-action__content stk-content-align stk-c918ed9-column alignwide stk-container stk-c918ed9-container stk--no-background stk--no-padding\"><div class=\"has-text-align-center stk-block-content stk-inner-blocks stk-c918ed9-inner-blocks\">\n<div class=\"wp-block-stackable-heading stk-block-heading stk-block-heading--v2 stk-block stk-551eb60\" id=\"ten-tal-apps-amp-services\" data-block-id=\"551eb60\"><style>.stk-551eb60 .stk-block-heading__text{font-size:74px !important;font-weight:bold !important;font-family:\"Lato\", Sans-serif !important;}@media screen and (max-width: 1023px){.stk-551eb60 .stk-block-heading__text{font-size:50px !important;}}<\/style><h2 class=\"stk-block-heading__text\">TenTal Apps &amp; Services<\/h2><\/div>\n\n\n\n<div class=\"wp-block-stackable-text stk-block-text stk-block stk-b693930\" data-block-id=\"b693930\"><style>.stk-b693930 .stk-block-text__text{font-size:40px !important;}@media screen and (max-width: 1023px){.stk-b693930 .stk-block-text__text{font-size:40px !important;}}<\/style><p class=\"stk-block-text__text\">Une question de Talent<\/p><\/div>\n<\/div><\/div><\/div>\n\n\n\n<div class=\"wp-block-stackable-columns alignwide stk-block-columns stk-block stk-6263df4\" data-block-id=\"6263df4\"><div class=\"stk-row stk-inner-blocks stk-block-content stk-content-align stk-6263df4-column alignwide\">\n<div class=\"wp-block-stackable-column stk-block-column stk-column stk-block stk-54f43ea\" data-v=\"4\" data-block-id=\"54f43ea\"><div class=\"stk-column-wrapper stk-block-column__content stk-container stk-54f43ea-container stk--no-background stk--no-padding\"><div class=\"stk-block-content stk-inner-blocks stk-54f43ea-inner-blocks\">\n<div class=\"wp-block-stackable-card stk-block-card stk-block stk-a25edd9 is-style-horizontal\" data-v=\"2\" data-block-id=\"a25edd9\"><style>.stk-a25edd9-container{box-shadow:0px 2px 20px #99999933 !important;}.stk-a25edd9 .stk-block-card__image{height:100% !important;}<\/style><div class=\"stk--no-padding stk-container stk-a25edd9-container stk-hover-parent\"><figure class=\"stk-block-card__image stk-img-wrapper stk-image--shape-stretch\"><img loading=\"lazy\" decoding=\"async\" class=\"stk-img wp-image-303\" src=\"https:\/\/www.tental.net\/wp-content\/uploads\/2025\/01\/2-3.png\" width=\"616\" height=\"500\" srcset=\"https:\/\/www.tental.net\/wp-content\/uploads\/2025\/01\/2-3.png 616w, https:\/\/www.tental.net\/wp-content\/uploads\/2025\/01\/2-3-300x244.png 300w\" sizes=\"(max-width: 616px) 100vw, 616px\" \/><\/figure><div class=\"stk-container-padding stk-block-card__content\"><div class=\"stk-block-content stk-inner-blocks stk-a25edd9-inner-blocks\">\n<div class=\"wp-block-stackable-heading stk-block-heading stk-block-heading--v2 stk-block stk-9ff5f63\" id=\"native-mobile-apps\" data-block-id=\"9ff5f63\"><style>.stk-9ff5f63 .stk-block-heading__text{font-size:28px !important;font-weight:bold !important;font-family:\"Lato\", Sans-serif !important;}@media screen and (max-width: 1023px){.stk-9ff5f63 .stk-block-heading__text{font-size:28px !important;}}<\/style><h2 class=\"stk-block-heading__text\">Apps Mobiles Natives<\/h2><\/div>\n\n\n\n<div class=\"wp-block-stackable-subtitle stk-block-subtitle stk-block stk-4bc9690\" data-block-id=\"4bc9690\"><style>.stk-4bc9690 .stk-block-subtitle__text{font-size:16px !important;text-transform:uppercase !important;font-family:\"Lato\", Sans-serif !important;}@media screen and (max-width: 1023px){.stk-4bc9690 .stk-block-subtitle__text{font-size:16px !important;}}<\/style><p class=\"stk-block-subtitle__text stk-subtitle\">Cr\u00e9ation d\u2019exp\u00e9riences fluides sur iOS, Android et PWA<\/p><\/div>\n\n\n\n<div class=\"wp-block-stackable-text stk-block-text stk-block stk-48c75fe\" data-block-id=\"48c75fe\"><style>.stk-48c75fe {margin-bottom:15px !important;}<\/style><p class=\"stk-block-text__text\">Le d\u00e9veloppement d\u2019applications mobiles natives exploite les technologies sp\u00e9cifiques \u00e0 chaque plateforme pour cr\u00e9er des applications performantes et riches en fonctionnalit\u00e9s, adapt\u00e9es aux appareils iOS et Android. Ces applications offrent une exp\u00e9rience utilisateur sup\u00e9rieure en tirant parti des capacit\u00e9s mat\u00e9rielles et logicielles propres \u00e0 chaque appareil. <\/p><\/div>\n\n\n\n<p>Nos services de d\u00e9veloppement couvrent l\u2019ensemble du cycle de vie d\u2019une application, de l\u2019id\u00e9ation et du design UI\/UX jusqu\u2019au codage, aux tests et au d\u00e9ploiement, garantissant que votre application se d\u00e9marque dans le paysage mobile concurrentiel d\u2019aujourd\u2019hui.<\/p>\n\n\n\n<div class=\"wp-block-stackable-button-group stk-block-button-group stk-block stk-4c4bf09\" data-block-id=\"4c4bf09\"><div class=\"stk-row stk-inner-blocks stk-block-content stk-button-group\">\n<div class=\"wp-block-stackable-button stk-block-button stk-block stk-136a6b0\" data-block-id=\"136a6b0\"><style>.stk-136a6b0 .stk-button{padding-right:32px !important;padding-left:32px !important;background:#313131 !important;border-top-left-radius:50px !important;border-top-right-radius:50px !important;border-bottom-right-radius:50px !important;border-bottom-left-radius:50px !important;}.stk-136a6b0 .stk-button__inner-text{font-size:18px !important;font-family:\"Lato\", Sans-serif !important;}@media screen and (max-width: 1023px){.stk-136a6b0 .stk-button__inner-text{font-size:18px !important;}}<\/style><a class=\"stk-link stk-button stk--hover-effect-darken\" href=\"https:\/\/www.tental.net\/fr\/mobile-apps\/\"><span class=\"stk-button__inner-text\">Voir plus<\/span><\/a><\/div>\n<\/div><\/div>\n<\/div><\/div><\/div><\/div>\n<\/div><\/div><\/div>\n\n\n\n<div class=\"wp-block-stackable-column stk-block-column stk-column stk-block stk-6a31d65\" data-v=\"4\" data-block-id=\"6a31d65\"><div class=\"stk-column-wrapper stk-block-column__content stk-container stk-6a31d65-container stk--no-background stk--no-padding\"><div class=\"stk-block-content stk-inner-blocks stk-6a31d65-inner-blocks\">\n<div class=\"wp-block-stackable-card stk-block-card stk-block stk-9d7b6a2 is-style-horizontal\" data-v=\"2\" data-block-id=\"9d7b6a2\"><style>.stk-9d7b6a2 .stk-block-card__image{height:100% !important;}<\/style><div class=\"stk--no-padding stk-container stk-9d7b6a2-container stk-hover-parent\"><figure class=\"stk-block-card__image stk-img-wrapper stk-image--shape-stretch\"><img loading=\"lazy\" decoding=\"async\" class=\"stk-img wp-image-307\" src=\"https:\/\/www.tental.net\/wp-content\/uploads\/2025\/01\/6-2.png\" width=\"616\" height=\"500\" srcset=\"https:\/\/www.tental.net\/wp-content\/uploads\/2025\/01\/6-2.png 616w, https:\/\/www.tental.net\/wp-content\/uploads\/2025\/01\/6-2-300x244.png 300w\" sizes=\"(max-width: 616px) 100vw, 616px\" \/><\/figure><div class=\"stk-container-padding stk-block-card__content\"><div class=\"stk-block-content stk-inner-blocks stk-9d7b6a2-inner-blocks\">\n<div class=\"wp-block-stackable-heading stk-block-heading stk-block-heading--v2 stk-block stk-98d4eda\" id=\"ai-amp-low-code-apps\" data-block-id=\"98d4eda\"><style>.stk-98d4eda .stk-block-heading__text{font-size:28px !important;font-weight:bold !important;font-family:\"Lato\", Sans-serif !important;}@media screen and (max-width: 1023px){.stk-98d4eda .stk-block-heading__text{font-size:28px !important;}}<\/style><h2 class=\"stk-block-heading__text\">AI &amp; Low Code Apps<\/h2><\/div>\n\n\n\n<div class=\"wp-block-stackable-subtitle stk-block-subtitle stk-block stk-61abd2c\" data-block-id=\"61abd2c\"><style>.stk-61abd2c .stk-block-subtitle__text{font-size:16px !important;text-transform:uppercase !important;font-family:\"Lato\", Sans-serif !important;}@media screen and (max-width: 1023px){.stk-61abd2c .stk-block-subtitle__text{font-size:16px !important;}}<\/style><p class=\"stk-block-subtitle__text stk-subtitle\">Solutions intelligentes, d\u00e9veloppement simplifi\u00e9<\/p><\/div>\n\n\n\n<div class=\"wp-block-stackable-text stk-block-text stk-block stk-9db3c5d\" data-block-id=\"9db3c5d\"><style>.stk-9db3c5d {margin-bottom:5px !important;}<\/style><p class=\"stk-block-text__text\">Nous offrons des services  qui associent l'IA au d\u00e9veloppement low-code . Nous offrons des solutions sur mesure qui exploitent le potentiel transformateur de l'intelligence artificielle et la rapidit\u00e9 de d\u00e9veloppement des applications en low-code. <\/p><\/div>\n\n\n\n<p>Que vous ayez besoin d'une analyse intelligente des donn\u00e9es, de mod\u00e8les d'intelligence artificielle ou de la cr\u00e9ation rapide d'applications sur mesure, notre \u00e9quipe d'experts propose des solutions \u00e9volutives et performantes, con\u00e7ues pour acc\u00e9l\u00e9rer votre transformation num\u00e9rique et stimuler l'innovation au sein de votre entreprise.<\/p>\n\n\n\n<div class=\"wp-block-stackable-button-group stk-block-button-group stk-block stk-667a814\" data-block-id=\"667a814\"><div class=\"stk-row stk-inner-blocks stk-block-content stk-button-group\">\n<div class=\"wp-block-stackable-button stk-block-button stk-block stk-12ed1d1\" data-block-id=\"12ed1d1\"><style>.stk-12ed1d1 .stk-button{padding-right:32px !important;padding-left:32px !important;background:#313131 !important;border-top-left-radius:50px !important;border-top-right-radius:50px !important;border-bottom-right-radius:50px !important;border-bottom-left-radius:50px !important;}.stk-12ed1d1 .stk-button__inner-text{font-size:18px !important;font-family:\"Lato\", Sans-serif !important;}@media screen and (max-width: 1023px){.stk-12ed1d1 .stk-button__inner-text{font-size:18px !important;}}<\/style><a class=\"stk-link stk-button stk--hover-effect-darken\" href=\"https:\/\/www.tental.net\/fr\/low-code-ai-services\/\"><span class=\"stk-button__inner-text\">Voir plus<\/span><\/a><\/div>\n<\/div><\/div>\n<\/div><\/div><\/div><\/div>\n<\/div><\/div><\/div>\n\n\n\n<div class=\"wp-block-stackable-column stk-block-column stk-column stk-block stk-ce1194a\" data-v=\"4\" data-block-id=\"ce1194a\"><div class=\"stk-column-wrapper stk-block-column__content stk-container stk-ce1194a-container stk--no-background stk--no-padding\"><div class=\"stk-block-content stk-inner-blocks stk-ce1194a-inner-blocks\">\n<div class=\"wp-block-stackable-card stk-block-card stk-block stk-2d5fb63 is-style-horizontal\" data-v=\"2\" data-block-id=\"2d5fb63\"><style>.stk-2d5fb63 .stk-block-card__image{height:100% !important;}<\/style><div class=\"stk--no-padding stk-container stk-2d5fb63-container stk-hover-parent\"><figure class=\"stk-block-card__image stk-img-wrapper stk-image--shape-stretch\"><img loading=\"lazy\" decoding=\"async\" class=\"stk-img wp-image-499\" src=\"https:\/\/www.tental.net\/wp-content\/uploads\/2025\/02\/Your-paragraph-text-9-e1740487439570.png\" width=\"616\" height=\"500\" srcset=\"https:\/\/www.tental.net\/wp-content\/uploads\/2025\/02\/Your-paragraph-text-9-e1740487439570.png 616w, https:\/\/www.tental.net\/wp-content\/uploads\/2025\/02\/Your-paragraph-text-9-e1740487439570-300x244.png 300w\" sizes=\"(max-width: 616px) 100vw, 616px\" \/><\/figure><div class=\"stk-container-padding stk-block-card__content\"><div class=\"stk-block-content stk-inner-blocks stk-2d5fb63-inner-blocks\">\n<div class=\"wp-block-stackable-heading stk-block-heading stk-block-heading--v2 stk-block stk-f8797e7\" id=\"custom-chat-gpt-services\" data-block-id=\"f8797e7\"><style>.stk-f8797e7 .stk-block-heading__text{font-size:28px !important;font-weight:bold !important;font-family:\"Lato\", Sans-serif !important;}@media screen and (max-width: 1023px){.stk-f8797e7 .stk-block-heading__text{font-size:28px !important;}}<\/style><h2 class=\"stk-block-heading__text\">Custom Chat GPT Services<\/h2><\/div>\n\n\n\n<div class=\"wp-block-stackable-subtitle stk-block-subtitle stk-block stk-a1558fa\" data-block-id=\"a1558fa\"><style>.stk-a1558fa .stk-block-subtitle__text{font-size:16px !important;text-transform:uppercase !important;font-family:\"Lato\", Sans-serif !important;}@media screen and (max-width: 1023px){.stk-a1558fa .stk-block-subtitle__text{font-size:16px !important;}}<\/style><p class=\"stk-block-subtitle__text stk-subtitle\">Agents intelligents, Agents conversationnels sur mesure<\/p><\/div>\n\n\n\n<div class=\"wp-block-stackable-text stk-block-text stk-block stk-09de528\" data-block-id=\"09de528\"><style>.stk-09de528 {margin-bottom:1px !important;}<\/style><p class=\"stk-block-text__text\">Nous sommes sp\u00e9cialis\u00e9s dans la cr\u00e9ation de GPT personnalis\u00e9s qui int\u00e8grent une intelligence artificielle avanc\u00e9e avec une expertise m\u00e9tier sp\u00e9cifique. Nos solutions d\u2019IA sur mesure am\u00e9liorent les interactions clients, automatisent les processus et fournissent des r\u00e9ponses pr\u00e9cises et pertinentes.<\/p><\/div>\n\n\n\n<p>Que vous ayez besoin d\u2019un assistant IA pour la finance, l\u2019assurance, le marketing ou le service client, nous concevons des mod\u00e8les intelligents et \u00e9volutifs adapt\u00e9s aux exigences de votre secteur. Gr\u00e2ce \u00e0 notre expertise, nous garantissons une int\u00e9gration fluide et des performances optimales, ouvrant la voie \u00e0 de nouvelles opportunit\u00e9s d\u2019efficacit\u00e9 et de croissance.<\/p>\n\n\n\n<div class=\"wp-block-stackable-button-group stk-block-button-group stk-block stk-4902a4f\" data-block-id=\"4902a4f\"><div class=\"stk-row stk-inner-blocks stk-block-content stk-button-group\">\n<div class=\"wp-block-stackable-button stk-block-button stk-block stk-e3b689c\" data-block-id=\"e3b689c\"><style>.stk-e3b689c .stk-button{padding-right:32px !important;padding-left:32px !important;background:#313131 !important;border-top-left-radius:50px !important;border-top-right-radius:50px !important;border-bottom-right-radius:50px !important;border-bottom-left-radius:50px !important;}.stk-e3b689c .stk-button__inner-text{font-size:18px !important;font-family:\"Lato\", Sans-serif !important;}@media screen and (max-width: 1023px){.stk-e3b689c .stk-button__inner-text{font-size:18px !important;}}<\/style><a class=\"stk-link stk-button stk--hover-effect-darken\" href=\"https:\/\/www.tental.net\/fr\/chat-gpt\/\"><span class=\"stk-button__inner-text\">Voir plus<\/span><\/a><\/div>\n<\/div><\/div>\n<\/div><\/div><\/div><\/div>\n<\/div><\/div><\/div>\n<\/div><\/div>\n\n\n\n<details class=\"wp-block-details is-layout-flow wp-block-details-is-layout-flow\"><summary>\n\n<!-- Fast Secure Contact Form plugin 4.0.52 - begin - FastSecureContactForm.com -->\r\n<div style=\"clear:both;\"><\/div>\n<p>Vos commentaires ou questions sont bienvenues.<\/p>\r\n<div id=\"FSContact3\" style=\"width:99%; max-width:555px;\">\n<div id=\"fscf_div_left_box3\" style=\"float:left; width:55%; max-width:270px;\">\r\n<form action=\"https:\/\/www.tental.net\/fr\/wp-json\/wp\/v2\/pages\/199#FSContact3\" id=\"fscf_form3\" method=\"post\" data-trp-original-action=\"https:\/\/www.tental.net\/fr\/wp-json\/wp\/v2\/pages\/199#FSContact3\">\r\n<fieldset id=\"fscf_form_fieldset3\" style=\"border:1px solid black; width:99%; max-width:550px; padding:10px;\">\n<legend>Contact Form<\/legend>\n\n<div id=\"fscf_required3\">\n  <span style=\"text-align:left;\">*<\/span> <span style=\"text-align:left;\">indique un champ requis<\/span>\n<\/div>\n\n\n<div id=\"fscf_div_clear3_0\" style=\"clear:both;\">\n  <div id=\"fscf_div_field3_0\" style=\"clear:left; float:left; width:99%; max-width:250px; margin-right:10px;\">\r\n    <div style=\"text-align:left; padding-top:5px;\">\n      <label style=\"text-align:left;\" for=\"fscf_name3\">Nom<span style=\"text-align:left;\">*<\/span><\/label>\n    <\/div>\r\n    <div style=\"text-align:left;\">\r\n      <input style=\"text-align:left; margin:0; width:99%; max-width:250px;\" type=\"text\" id=\"fscf_name3\" name=\"full_name\" value=\"\"  readonly=\"readonly\" \/>\r\n    <\/div>\r\n  <\/div>\n<\/div>\n\n<div id=\"fscf_div_clear3_1\" style=\"clear:both;\">\n  <div id=\"fscf_div_field3_1\" style=\"clear:left; float:left; width:99%; max-width:250px; margin-right:10px;\">\n    <div style=\"text-align:left; padding-top:5px;\">\n      <label style=\"text-align:left;\" for=\"fscf_email3\">Courriel<span style=\"text-align:left;\">*<\/span><\/label>\n    <\/div>\n    <div style=\"text-align:left;\">\n      <input style=\"text-align:left; margin:0; width:99%; max-width:250px;\" type=\"text\" id=\"fscf_email3\" name=\"email\" value=\"\"  readonly=\"readonly\" \/>\n    <\/div>\n  <\/div>\n<\/div>\n\n<div id=\"fscf_div_clear3_3\" style=\"clear:both;\">\n  <div id=\"fscf_div_field3_3\" style=\"clear:left; float:left; width:99%; max-width:250px; margin-right:10px;\">\n    <div style=\"text-align:left; padding-top:5px;\">\n      <label style=\"text-align:left;\" for=\"fscf_field3_3\">Message<span style=\"text-align:left;\">*<\/span><\/label>\n    <\/div>\n    <div style=\"text-align:left;\">\n      <textarea style=\"text-align:left; margin:0; width:99%; max-width:250px; height:120px;\" id=\"fscf_field3_3\" name=\"message\" cols=\"30\" rows=\"10\" ><\/textarea>\n    <\/div>\n  <\/div>\n<\/div>\r\n<div style=\"clear:both;\"><\/div>\n\n<div style=\"text-align:left; padding-top:5px;\">\n<\/div>\n<div id=\"fscf_recaptcha3\"><\/div>\n\n<div id=\"fscf_submit_div3\" style=\"text-align:left; clear:both; padding-top:15px;\">\r\n\t\t<input type=\"submit\" id=\"fscf_submit3\" style=\"cursor:pointer; margin:0;\" value=\"Envoyer\"  onclick=\"this.disabled=true; this.value='Soumis...'; this.form.submit();\" \/> \n<\/div>\n<\/fieldset>\n\n<input type=\"hidden\" name=\"fscf_submitted\" value=\"0\" \/>\n<input type=\"hidden\" name=\"fs_postonce_3\" value=\"2a5ed41d38d08729f1d5897583db4ef8,1777501130\" \/>\n<input type=\"hidden\" name=\"si_contact_action\" value=\"send\" \/>\n<input type=\"hidden\" name=\"form_id\" value=\"3\" \/>\n<input type=\"hidden\" name=\"mailto_id\" value=\"1\" \/>\n\n<input type=\"hidden\" name=\"trp-form-language\" value=\"fr\"\/><\/form>\n<\/div>\n<div id=\"fscf_div_right_box3\" style=\"float:left; width:235px;\">\n<div id=\"fscf_button_div_vcita3\" style=\"border-left:1px dashed #ccc; margin-top:25px; padding:8px 20px;\">\n<a id=\"fscf_button_vcita3\" style=\"text-decoration:none; display:block; text-align:center; background:linear-gradient(to bottom, #ed6a31 0%, #e55627 100%); color:#fff !important; padding:8px;\" target='_blank' class='vcita-set-meeting' href=\"http:\/\/www.vcita.com\/meeting_scheduler?v=68bav5vqus3ymszw\">Schedule an Appointment<\/a>\n<\/div>\n<\/div>\n<\/div>\r\n<div style=\"clear:both;\"><\/div>\n\n<!-- Fast Secure Contact Form plugin 4.0.52 - end - FastSecureContactForm.com -->\n<br><\/summary><\/details>","protected":false},"excerpt":{"rendered":"<p>TenTal Apps &amp; Services A matter of Talent Native Mobile Apps Crafting Seamless Experiences, iOS Android and PWA Native mobile app development harnesses platform-specific technologies to create high-performance, feature-rich applications tailored for iOS &amp; Android devices. These apps offer superior user experiences, leveraging device-specific hardware &amp; software capabilities. Our development services encompass the entire app [&hellip;]<\/p>\n","protected":false},"author":1,"featured_media":0,"parent":0,"menu_order":0,"comment_status":"closed","ping_status":"closed","template":"","meta":{"_et_pb_use_builder":"","_et_pb_old_content":"","_et_gb_content_width":"","footnotes":""},"class_list":["post-199","page","type-page","status-publish","hentry"],"_links":{"self":[{"href":"https:\/\/www.tental.net\/fr\/wp-json\/wp\/v2\/pages\/199","targetHints":{"allow":["GET"]}}],"collection":[{"href":"https:\/\/www.tental.net\/fr\/wp-json\/wp\/v2\/pages"}],"about":[{"href":"https:\/\/www.tental.net\/fr\/wp-json\/wp\/v2\/types\/page"}],"author":[{"embeddable":true,"href":"https:\/\/www.tental.net\/fr\/wp-json\/wp\/v2\/users\/1"}],"replies":[{"embeddable":true,"href":"https:\/\/www.tental.net\/fr\/wp-json\/wp\/v2\/comments?post=199"}],"version-history":[{"count":34,"href":"https:\/\/www.tental.net\/fr\/wp-json\/wp\/v2\/pages\/199\/revisions"}],"predecessor-version":[{"id":551,"href":"https:\/\/www.tental.net\/fr\/wp-json\/wp\/v2\/pages\/199\/revisions\/551"}],"wp:attachment":[{"href":"https:\/\/www.tental.net\/fr\/wp-json\/wp\/v2\/media?parent=199"}],"curies":[{"name":"wp","href":"https:\/\/api.w.org\/{rel}","templated":true}]}}